{"id":11619,"date":"2019-08-14T13:05:29","date_gmt":"2019-08-14T13:05:29","guid":{"rendered":"http:\/\/jeanfrancoislepage.com\/?page_id=11619"},"modified":"2024-08-23T09:46:10","modified_gmt":"2024-08-23T09:46:10","slug":"prelude","status":"publish","type":"page","link":"https:\/\/jeanfrancoislepage.com\/fr\/prelude\/","title":{"rendered":"Pr\u00e9lude (2014-2017)"},"content":{"rendered":"<div class=\"wpb-content-wrapper\"><p>[vc_row content_placement=&#8221;middle&#8221; second_background_color=&#8221;#000000&#8243;][vc_column offset=&#8221;vc_col-md-offset-0&#8243; css=&#8221;.vc_custom_1481915100349{padding-top: 0vw !important;padding-right: 3vw !important;padding-bottom: 1vw !important;padding-left: 3vw !important;background-color: #ffffff !important;}&#8221;][vc_row_inner][vc_column_inner el_class=&#8221;row2&#8243; offset=&#8221;vc_hidden-lg vc_hidden-md vc_hidden-sm&#8221;][vc_empty_space height=&#8221;5px&#8221;][\/vc_column_inner][\/vc_row_inner][vc_row_inner][vc_column_inner el_class=&#8221;row2&#8243;][vc_empty_space height=&#8221;50px&#8221;]<style type=\"text\/css\"><\/style><a id=\"magnific-popup-vc-id-1196519443\" data-cw-mpvc-id=\"magnific_popup_vc_id_1196519443\" title=\"\" href=\"https:\/\/jeanfrancoislepage.com\/wp-content\/uploads\/2015_lepage_recycle_8-3.jpg\" class=\"cw-magnificpopup-wrapper cw-magnificpopup-image\"><img src=\"https:\/\/jeanfrancoislepage.com\/wp-content\/uploads\/2015_lepage_recycle_8-3.jpg\" style=\"\" \/><\/a><div id=\"mpc_textblock-6569f0095578c83\" class=\"mpc-textblock mpc-init txt\"><p>Recycle 8, 2015 &#8211; \u00e9preuve pigmentaire, 650 x 810 mm<\/p>\n<\/div>[\/vc_column_inner][\/vc_row_inner][vc_row_inner][vc_column_inner el_class=&#8221;row2&#8243;]<div id=\"mpc_textblock-1269f0095578d26\" class=\"mpc-textblock mpc-init txt\"><p>Pr\u00e9lude (2014-2017) : Cinquante-six oeuvres (tirages \u00e0 \u00e9ditions limit\u00e9es).<br \/>\nLa nuit est tomb\u00e9e. Je ne sais plus si c\u2019est un corps, un esprit ou une \u00e2me que je peins.<\/p>\n<\/div>[\/vc_column_inner][\/vc_row_inner][vc_row_inner][vc_column_inner el_class=&#8221;row2&#8243; offset=&#8221;vc_hidden-xs&#8221;][vc_empty_space height=&#8221;5px&#8221;][vc_separator align=&#8221;align_left&#8221;][vc_empty_space height=&#8221;25px&#8221;][\/vc_column_inner][\/vc_row_inner][vc_row_inner][vc_column_inner el_class=&#8221;row2&#8243; width=&#8221;1\/3&#8243;]<style type=\"text\/css\"><\/style><a id=\"magnific-popup-vc-id-451790489\" data-cw-mpvc-id=\"magnific_popup_vc_id_451790489\" title=\"\" href=\"https:\/\/jeanfrancoislepage.com\/wp-content\/uploads\/Lepage_2016_recycle_29.jpg\" class=\"cw-magnificpopup-wrapper cw-magnificpopup-image\"><img src=\"https:\/\/jeanfrancoislepage.com\/wp-content\/uploads\/2016_lepage_recycle_29_2.jpg\" style=\"\" \/><\/a><div id=\"mpc_textblock-969f0095579249\" class=\"mpc-textblock mpc-init txt\"><p>Recycle 27, 2016<br \/>\n\u00e9preuve pigmentaire<br \/>\n400 x 505 mm<\/p>\n<\/div>[\/vc_column_inner][vc_column_inner width=&#8221;1\/3&#8243;]<style type=\"text\/css\"><\/style><a id=\"magnific-popup-vc-id-3290893\" data-cw-mpvc-id=\"magnific_popup_vc_id_3290893\" title=\"\" href=\"https:\/\/jeanfrancoislepage.com\/wp-content\/uploads\/2014_lepage_recycle_11-1.jpg\" class=\"cw-magnificpopup-wrapper cw-magnificpopup-image\"><img src=\"https:\/\/jeanfrancoislepage.com\/wp-content\/uploads\/2014_lepage_recycle_11_s-1.jpg\" style=\"\" \/><\/a><div id=\"mpc_textblock-5569f009557975f\" class=\"mpc-textblock mpc-init txt\"><p>Recycle 11, 2014<br \/>\n\u00e9preuve pigmentaire<br \/>\n650 x 810 mm &#8211; 1100 x 1370 mm<\/p>\n<\/div>[\/vc_column_inner][vc_column_inner width=&#8221;1\/3&#8243;]<style type=\"text\/css\"><\/style><a id=\"magnific-popup-vc-id-303227671\" data-cw-mpvc-id=\"magnific_popup_vc_id_303227671\" title=\"\" href=\"https:\/\/jeanfrancoislepage.com\/wp-content\/uploads\/2015_lepage_Recycle_24-3.jpg\" class=\"cw-magnificpopup-wrapper cw-magnificpopup-image\"><img src=\"https:\/\/jeanfrancoislepage.com\/wp-content\/uploads\/2015_lepage_Recycle_24_s.jpg\" style=\"\" \/><\/a><div id=\"mpc_textblock-7569f0095579bc0\" class=\"mpc-textblock mpc-init txt\"><p>Recycle 24, 2015<br \/>\n\u00e9preuve pigmentaire<br \/>\n700 x 560 mm<\/p>\n<\/div>[\/vc_column_inner][\/vc_row_inner][vc_row_inner][vc_column_inner el_class=&#8221;row2&#8243; offset=&#8221;vc_hidden-xs&#8221;][vc_empty_space height=&#8221;5px&#8221;][vc_separator align=&#8221;align_left&#8221;][vc_empty_space height=&#8221;25px&#8221;][\/vc_column_inner][\/vc_row_inner][vc_row_inner][vc_column_inner el_class=&#8221;row2&#8243; width=&#8221;1\/3&#8243;]<style type=\"text\/css\"><\/style><a id=\"magnific-popup-vc-id-1140628266\" data-cw-mpvc-id=\"magnific_popup_vc_id_1140628266\" title=\"\" href=\"https:\/\/jeanfrancoislepage.com\/wp-content\/uploads\/2014_lepage_recycle_12_750.jpg\" class=\"cw-magnificpopup-wrapper cw-magnificpopup-image\"><img src=\"https:\/\/jeanfrancoislepage.com\/wp-content\/uploads\/2014_lepage_recycle_12_750_s.jpg\" style=\"\" \/><\/a><div id=\"mpc_textblock-4169f009557a00f\" class=\"mpc-textblock mpc-init txt\"><p>Recycle 12, 2014<br \/>\n\u00e9preuve pigmentaire<br \/>\n650 x 810 mm &#8211; 1100 x 1370 mm<\/p>\n<\/div>[\/vc_column_inner][vc_column_inner width=&#8221;1\/3&#8243;]<style type=\"text\/css\"><\/style><a id=\"magnific-popup-vc-id-170358245\" data-cw-mpvc-id=\"magnific_popup_vc_id_170358245\" title=\"\" href=\"https:\/\/jeanfrancoislepage.com\/wp-content\/uploads\/2014_lepage_recycle_17_750.jpg\" class=\"cw-magnificpopup-wrapper cw-magnificpopup-image\"><img src=\"https:\/\/jeanfrancoislepage.com\/wp-content\/uploads\/2014_lepage_recycle_17_750_s.jpg\" style=\"\" \/><\/a><div id=\"mpc_textblock-5469f009557a4de\" class=\"mpc-textblock mpc-init txt\"><p>Recycle 17, 2014<br \/>\n\u00e9preuve pigmentaire<br \/>\n500 x 410 mm<\/p>\n<\/div>[\/vc_column_inner][vc_column_inner width=&#8221;1\/3&#8243;]<style type=\"text\/css\"><\/style><a id=\"magnific-popup-vc-id-930033779\" data-cw-mpvc-id=\"magnific_popup_vc_id_930033779\" title=\"\" href=\"https:\/\/jeanfrancoislepage.com\/wp-content\/uploads\/2017_lepage_recycle_29_750.jpg\" class=\"cw-magnificpopup-wrapper cw-magnificpopup-image\"><img src=\"https:\/\/jeanfrancoislepage.com\/wp-content\/uploads\/2017_lepage_recycle_29_750_s.jpg\" style=\"\" \/><\/a><div id=\"mpc_textblock-2269f009557a941\" class=\"mpc-textblock mpc-init txt\"><p>Recycle 29, 2017<br \/>\n\u00e9preuve pigmentaire<br \/>\n600 x 800 mm<\/p>\n<\/div>[\/vc_column_inner][\/vc_row_inner][vc_row_inner][vc_column_inner el_class=&#8221;row2&#8243; offset=&#8221;vc_hidden-xs&#8221;][vc_empty_space height=&#8221;5px&#8221;][vc_separator align=&#8221;align_left&#8221;][vc_empty_space height=&#8221;25px&#8221;][\/vc_column_inner][\/vc_row_inner][vc_row_inner][vc_column_inner el_class=&#8221;row2&#8243; width=&#8221;1\/3&#8243;]<style type=\"text\/css\"><\/style><a id=\"magnific-popup-vc-id-1745994567\" data-cw-mpvc-id=\"magnific_popup_vc_id_1745994567\" title=\"\" href=\"https:\/\/jeanfrancoislepage.com\/wp-content\/uploads\/2017_lepage_recycle_31_750.jpg\" class=\"cw-magnificpopup-wrapper cw-magnificpopup-image\"><img src=\"https:\/\/jeanfrancoislepage.com\/wp-content\/uploads\/2017_lepage_recycle_31_icon.jpg\" style=\"\" \/><\/a><div id=\"mpc_textblock-8869f009557ae86\" class=\"mpc-textblock mpc-init txt\"><p>Recycle 31, 2017<br \/>\n\u00e9preuve pigmentaire<br \/>\n1100 x 1390 mm<\/p>\n<\/div>[\/vc_column_inner][vc_column_inner width=&#8221;1\/3&#8243;]<style type=\"text\/css\"><\/style><a id=\"magnific-popup-vc-id-197141153\" data-cw-mpvc-id=\"magnific_popup_vc_id_197141153\" title=\"\" href=\"https:\/\/jeanfrancoislepage.com\/wp-content\/uploads\/2017_lepage_recycle_30_750.jpg\" class=\"cw-magnificpopup-wrapper cw-magnificpopup-image\"><img src=\"https:\/\/jeanfrancoislepage.com\/wp-content\/uploads\/2017_lepage_recycle_30_icon.jpg\" style=\"\" \/><\/a><div id=\"mpc_textblock-3769f009557b2f2\" class=\"mpc-textblock mpc-init txt\"><p>Recycle 30, 2017<br \/>\n\u00e9preuve pigmentaire<br \/>\n400 x 505 mm<\/p>\n<\/div>[\/vc_column_inner][vc_column_inner width=&#8221;1\/3&#8243;]<style type=\"text\/css\"><\/style><a id=\"magnific-popup-vc-id-1387971294\" data-cw-mpvc-id=\"magnific_popup_vc_id_1387971294\" title=\"\" href=\"https:\/\/jeanfrancoislepage.com\/wp-content\/uploads\/2017_lepage_recycle_48_750.jpg\" class=\"cw-magnificpopup-wrapper cw-magnificpopup-image\"><img src=\"https:\/\/jeanfrancoislepage.com\/wp-content\/uploads\/2017_lepage_recycle_48_icon.jpg\" style=\"\" \/><\/a><div id=\"mpc_textblock-4669f009557b77b\" class=\"mpc-textblock mpc-init txt\"><p>Recycle 48, 2017<br \/>\n\u00e9preuve pigmentaire<br \/>\n1100 x 870 mm<\/p>\n<\/div>[\/vc_column_inner][\/vc_row_inner][vc_row_inner][vc_column_inner el_class=&#8221;row2&#8243;][vc_empty_space height=&#8221;5px&#8221;][vc_separator align=&#8221;align_left&#8221;][vc_empty_space height=&#8221;25px&#8221;][\/vc_column_inner][\/vc_row_inner][vc_row_inner][vc_column_inner el_class=&#8221;row2&#8243; width=&#8221;1\/3&#8243;]<style type=\"text\/css\"><\/style><a id=\"magnific-popup-vc-id-203493586\" data-cw-mpvc-id=\"magnific_popup_vc_id_203493586\" title=\"\" href=\"https:\/\/jeanfrancoislepage.com\/wp-content\/uploads\/2017_lepage_recycle_55_750.jpg\" class=\"cw-magnificpopup-wrapper cw-magnificpopup-image\"><img src=\"https:\/\/jeanfrancoislepage.com\/wp-content\/uploads\/2017_lepage_recycle_55_750_s.jpg\" style=\"\" \/><\/a><div id=\"mpc_textblock-8669f009557bbe5\" class=\"mpc-textblock mpc-init txt\"><p>Recycle 55, 2017<br \/>\n\u00e9preuve pigmentaire<br \/>\n1390 x 1100 mm<\/p>\n<\/div>[\/vc_column_inner][vc_column_inner width=&#8221;1\/3&#8243;]<style type=\"text\/css\"><\/style><a id=\"magnific-popup-vc-id-459033697\" data-cw-mpvc-id=\"magnific_popup_vc_id_459033697\" title=\"\" href=\"https:\/\/jeanfrancoislepage.com\/wp-content\/uploads\/2017_lepage_recycle_32_750.jpg\" class=\"cw-magnificpopup-wrapper cw-magnificpopup-image\"><img src=\"https:\/\/jeanfrancoislepage.com\/wp-content\/uploads\/2017_lepage_recycle_32_750_s.jpg\" style=\"\" \/><\/a><div id=\"mpc_textblock-5069f009557c07e\" class=\"mpc-textblock mpc-init txt\"><p>Recycle 32, 2017<br \/>\n\u00e9preuve pigmentaire<br \/>\n550 x 700 mm<\/p>\n<\/div>[\/vc_column_inner][vc_column_inner width=&#8221;1\/3&#8243;]<style type=\"text\/css\"><\/style><a id=\"magnific-popup-vc-id-834504747\" data-cw-mpvc-id=\"magnific_popup_vc_id_834504747\" title=\"\" href=\"https:\/\/jeanfrancoislepage.com\/wp-content\/uploads\/2017_lepage_recycle_37_750.jpg\" class=\"cw-magnificpopup-wrapper cw-magnificpopup-image\"><img src=\"https:\/\/jeanfrancoislepage.com\/wp-content\/uploads\/2017_lepage_recycle_37_750_s.jpg\" style=\"\" \/><\/a><div id=\"mpc_textblock-5069f009557c4e9\" class=\"mpc-textblock mpc-init txt\"><p>Recycle 37, 2017<br \/>\n\u00e9preuve pigmentaire<br \/>\n550 x 700 mm<\/p>\n<\/div>[\/vc_column_inner][\/vc_row_inner][vc_row_inner][vc_column_inner el_class=&#8221;web_mobile&#8221;][vc_empty_space height=&#8221;50px&#8221;][\/vc_column_inner][\/vc_row_inner][\/vc_column][\/vc_row]<\/p>\n<\/div>","protected":false},"excerpt":{"rendered":"<p>[vc_row content_placement=&#8221;middle&#8221; second_background_color=&#8221;#000000&#8243;][vc_column offset=&#8221;vc_col-md-offset-0&#8243; css=&#8221;.vc_custom_1481915100349{padding-top: 0vw !important;padding-right: 3vw !important;padding-bottom: 1vw !important;padding-left: 3vw !important;background-color: #ffffff !important;}&#8221;][vc_row_inner][vc_column_inner el_class=&#8221;row2&#8243; offset=&#8221;vc_hidden-lg vc_hidden-md vc_hidden-sm&#8221;][vc_empty_space height=&#8221;5px&#8221;][\/vc_column_inner][\/vc_row_inner][vc_row_inner][vc_column_inner el_class=&#8221;row2&#8243;][vc_empty_space height=&#8221;50px&#8221;][\/vc_column_inner][\/vc_row_inner][vc_row_inner][vc_column_inner el_class=&#8221;row2&#8243;][\/vc_column_inner][\/vc_row_inner][vc_row_inner][vc_column_inner el_class=&#8221;row2&#8243; offset=&#8221;vc_hidden-xs&#8221;][vc_empty_space height=&#8221;5px&#8221;][vc_separator align=&#8221;align_left&#8221;][vc_empty_space height=&#8221;25px&#8221;][\/vc_column_inner][\/vc_row_inner][vc_row_inner][vc_column_inner el_class=&#8221;row2&#8243; width=&#8221;1\/3&#8243;][\/vc_column_inner][vc_column_inner width=&#8221;1\/3&#8243;][\/vc_column_inner][vc_column_inner width=&#8221;1\/3&#8243;][\/vc_column_inner][\/vc_row_inner][vc_row_inner][vc_column_inner el_class=&#8221;row2&#8243; offset=&#8221;vc_hidden-xs&#8221;][vc_empty_space height=&#8221;5px&#8221;][vc_separator align=&#8221;align_left&#8221;][vc_empty_space height=&#8221;25px&#8221;][\/vc_column_inner][\/vc_row_inner][vc_row_inner][vc_column_inner el_class=&#8221;row2&#8243; width=&#8221;1\/3&#8243;][\/vc_column_inner][vc_column_inner width=&#8221;1\/3&#8243;][\/vc_column_inner][vc_column_inner width=&#8221;1\/3&#8243;][\/vc_column_inner][\/vc_row_inner][vc_row_inner][vc_column_inner el_class=&#8221;row2&#8243; offset=&#8221;vc_hidden-xs&#8221;][vc_empty_space height=&#8221;5px&#8221;][vc_separator align=&#8221;align_left&#8221;][vc_empty_space height=&#8221;25px&#8221;][\/vc_column_inner][\/vc_row_inner][vc_row_inner][vc_column_inner el_class=&#8221;row2&#8243; width=&#8221;1\/3&#8243;][\/vc_column_inner][vc_column_inner width=&#8221;1\/3&#8243;][\/vc_column_inner][vc_column_inner width=&#8221;1\/3&#8243;][\/vc_column_inner][\/vc_row_inner][vc_row_inner][vc_column_inner el_class=&#8221;row2&#8243;][vc_empty_space height=&#8221;5px&#8221;][vc_separator align=&#8221;align_left&#8221;][vc_empty_space height=&#8221;25px&#8221;][\/vc_column_inner][\/vc_row_inner][vc_row_inner][vc_column_inner el_class=&#8221;row2&#8243;<\/p>\n","protected":false},"author":1,"featured_media":0,"parent":0,"menu_order":17,"comment_status":"closed","ping_status":"closed","template":"","meta":[],"_links":{"self":[{"href":"https:\/\/jeanfrancoislepage.com\/fr\/wp-json\/wp\/v2\/pages\/11619"}],"collection":[{"href":"https:\/\/jeanfrancoislepage.com\/fr\/wp-json\/wp\/v2\/pages"}],"about":[{"href":"https:\/\/jeanfrancoislepage.com\/fr\/wp-json\/wp\/v2\/types\/page"}],"author":[{"embeddable":true,"href":"https:\/\/jeanfrancoislepage.com\/fr\/wp-json\/wp\/v2\/users\/1"}],"replies":[{"embeddable":true,"href":"https:\/\/jeanfrancoislepage.com\/fr\/wp-json\/wp\/v2\/comments?post=11619"}],"version-history":[{"count":56,"href":"https:\/\/jeanfrancoislepage.com\/fr\/wp-json\/wp\/v2\/pages\/11619\/revisions"}],"predecessor-version":[{"id":13464,"href":"https:\/\/jeanfrancoislepage.com\/fr\/wp-json\/wp\/v2\/pages\/11619\/revisions\/13464"}],"wp:attachment":[{"href":"https:\/\/jeanfrancoislepage.com\/fr\/wp-json\/wp\/v2\/media?parent=11619"}],"curies":[{"name":"wp","href":"https:\/\/api.w.org\/{rel}","templated":true}]}}