{"id":11641,"date":"2019-08-14T08:26:45","date_gmt":"2019-08-14T08:26:45","guid":{"rendered":"http:\/\/jeanfrancoislepage.com\/?page_id=11641"},"modified":"2023-06-10T17:03:48","modified_gmt":"2023-06-10T17:03:48","slug":"zombie","status":"publish","type":"page","link":"https:\/\/jeanfrancoislepage.com\/fr\/zombie\/","title":{"rendered":"Zombie (2018-2020)"},"content":{"rendered":"<div class=\"wpb-content-wrapper\"><p>[vc_row content_placement=&#8221;middle&#8221; second_background_color=&#8221;#000000&#8243;][vc_column offset=&#8221;vc_col-md-offset-0&#8243; css=&#8221;.vc_custom_1481915100349{padding-top: 0vw !important;padding-right: 3vw !important;padding-bottom: 1vw !important;padding-left: 3vw !important;background-color: #ffffff !important;}&#8221;][vc_row_inner][vc_column_inner el_class=&#8221;row2&#8243; offset=&#8221;vc_hidden-lg vc_hidden-md vc_hidden-sm&#8221;][vc_empty_space height=&#8221;5px&#8221;][\/vc_column_inner][\/vc_row_inner][vc_row_inner][vc_column_inner el_class=&#8221;row2&#8243;][vc_empty_space height=&#8221;50px&#8221;]<style type=\"text\/css\"><\/style><a id=\"magnific-popup-vc-id-529932620\" data-cw-mpvc-id=\"magnific_popup_vc_id_529932620\" title=\"\" href=\"https:\/\/jeanfrancoislepage.com\/wp-content\/uploads\/lepage_2019_zomie_renaissance_1_c.jpg\" class=\"cw-magnificpopup-wrapper cw-magnificpopup-image\"><img src=\"https:\/\/jeanfrancoislepage.com\/wp-content\/uploads\/lepage_2019_zomie_renaissance_1_c.jpg\" style=\"\" \/><\/a><div id=\"mpc_textblock-169f0099411939\" class=\"mpc-textblock mpc-init txt\"><p>Renaissance, 2019 &#8211; technique mixte sur \u00e9preuve chromog\u00e8ne, 280 x 350 mm<\/p>\n<\/div>[\/vc_column_inner][\/vc_row_inner][vc_row_inner][vc_column_inner el_class=&#8221;row2&#8243;]<div id=\"mpc_textblock-1469f00994119d2\" class=\"mpc-textblock mpc-init txt\"><p>Zombie (2018-2020) : Soixante-huit oeuvres uniques.<br \/>\nDe la lumi\u00e8re aux t\u00e9n\u00e8bres, des t\u00e9n\u00e8bres \u00e0 la lumi\u00e8re.<\/p>\n<\/div>[\/vc_column_inner][\/vc_row_inner][vc_row_inner][vc_column_inner el_class=&#8221;row2&#8243; offset=&#8221;vc_hidden-xs&#8221;][vc_empty_space height=&#8221;5px&#8221;][vc_separator align=&#8221;align_left&#8221;][vc_empty_space height=&#8221;15px&#8221;][\/vc_column_inner][\/vc_row_inner][vc_row_inner][vc_column_inner el_class=&#8221;row2&#8243;]<div id=\"mpc_textblock-8969f0099411a57\" class=\"mpc-textblock mpc-init txt\"><p>Le \u00ab Zombie \u00bb \u2013 selon les croyances vaudou originales \u2013 est un homme mort r\u00e9anim\u00e9 par un puissant sorcier qui en prend le contr\u00f4le. Cependant, les zombies des temps modernes ayant perdu leurs ma\u00eetres se contentent de rechercher des proies dans un monde civilis\u00e9 tout en provoquant une panique extr\u00eame. Ce n\u2019est donc pas un hasard si Jean-Fran\u00e7ois Lepage a donn\u00e9 ce titre \u00e0 sa s\u00e9rie. Pour lui, ZOMBIE est une m\u00e9taphore pop-culturelle qui sugg\u00e8re qu\u2019une chose ancienne, comme une oeuvre d\u2019art, une photographie, peut \u00eatre ressuscit\u00e9e, r\u00e9utilis\u00e9e pour revivre tout en gardant les traces de son \u00e9ternelle \u00ab d\u00e9composition \u00bb. Par l\u00e0 m\u00eame, ce processus de r\u00e9interpr\u00e9tation, par la peinture, la destruction et la transformation, cr\u00e9\u00e9 une nouvelle qualit\u00e9 esth\u00e9tique.<\/p>\n<\/div>[\/vc_column_inner][\/vc_row_inner][vc_row_inner][vc_column_inner el_class=&#8221;row2&#8243;]<div id=\"mpc_textblock-7669f0099411ae7\" class=\"mpc-textblock mpc-init colonne_text_2\"><p>Jean-Fran\u00e7ois Lepage (1960-), qui a pratiqu\u00e9 la photographie de mode au d\u00e9but des ann\u00e9es 80, s&#8217;en \u00e9loigne en 2014 pour cr\u00e9er des oeuvres uniques par l\u2019utilisation de techniques propres aux arts plastiques. Pour sa premi\u00e8re s\u00e9rie \u00ab\u00a0Prelude\u00a0\u00bb (2014-2017) puis la seconde \u00ab\u00a0Zombie\u00a0\u00bb (2018-2020) \u2013 pr\u00e9sent\u00e9e \u00e0 la galerie TOBE en 2020 \u2013 il utilise le terme \u00ab\u00a0recycling\u00a0\u00bb signifiant que cette nouvelle phase de son travail, orient\u00e9 fine art, lui permet de consid\u00e9rer ses archives photographiques comme de la mati\u00e8re brute. Le r\u00e9sultat est une s\u00e9rie polyvalente d&#8217;oeuvres d&#8217;art qui transforment compl\u00e8tement le caract\u00e8re de l\u2019image originale. Ces photographies repr\u00e9sentent principalement des jeunes femmes \u2013 des mod\u00e8les de son \u00e9poque de photographe de mode \u2013 le sujet est alors compl\u00e8tement obscurci par une couche de peinture, sombre ou color\u00e9e, appliqu\u00e9e sur la surface de l\u2019\u00e9preuve. Ainsi masqu\u00e9e, l\u2019aspect original de la photographie n\u2019appara\u00eet plus que partiellement, tandis que l\u2019esth\u00e9tique de la photographie de mode devient totalement invisible, c\u00e9dant la place \u00e0 une repr\u00e9sentation plus sombre de l\u2019\u00eatre humain du 21 \u00e8me si\u00e8cle, avec une peau, un visage et un corps ostensiblement boulevers\u00e9s. Ces oeuvres nouvelles qui s\u2019apparentent d\u00e9sormais plus \u00e0 des peintures, rempla\u00e7ant leurs r\u00e9f\u00e9rences \u00e0 l&#8217;histoire photographique par des associations picturales, nous sugg\u00e8rent qu&#8217;en d\u00e9finitive la photographie et la peinture ont le m\u00eame propos. Transmettre, que le monde dans lequel nous vivons est porteur d&#8217;espoir, m\u00eame si nous souffrons tous de conflits int\u00e9rieurs qui laissent involontairement des traces sur notre apparence. Jean-Fran\u00e7ois Lepage nous montre que la beaut\u00e9 est infiniment plus complexe et qu\u2019en d\u00e9finitive elle n&#8217;appara\u00eet peut-\u00eatre pas dans de belles lignes, mais dans l&#8217;incertitude de l&#8217;\u00e9quilibre int\u00e9rieur.<\/p>\n<\/div>[\/vc_column_inner][\/vc_row_inner][vc_row_inner][vc_column_inner el_class=&#8221;row2&#8243;]<div id=\"mpc_textblock-269f0099411b90\" class=\"mpc-textblock mpc-init txt\"><p>Zsolt Petr\u00e1nyi, 2020 &#8211; historien d&#8217;art<br \/>\nDepuis 2011, Zsolt Petr\u00e1ny est responsable de la section arts contemporains de la <a href=\"https:\/\/en.mng.hu\/collections\/contemporary-art\/\" target=\"_blank\" rel=\"noopener\">Hungarian National Gallery<\/a>.<\/p>\n<\/div>[\/vc_column_inner][\/vc_row_inner][vc_row_inner disable_element=&#8221;yes&#8221;][vc_column_inner el_class=&#8221;row2&#8243; width=&#8221;1\/2&#8243;]<div id=\"mpc_textblock-5269f0099411c30\" class=\"mpc-textblock mpc-init \"><p>Un zombie est un \u00eatre humain mort ressuscit\u00e9 par un sorcier qui fait de lui son esclave. Apr\u00e8s PRELUDE (2014-2017), ZOMBIE est le deuxi\u00e8me opus du projet RECYCLE de Jean-Fran\u00e7ois Lepage. De la figuration \u00e0 l\u2019abstraction, je poursuis mes exp\u00e9riences sur le corps humain en retravaillant les \u00e9preuves argentiques et chromog\u00e9nes issues de mes archives. ZOMBIE est \u00e0-propos de cr\u00e9ation, manipulation, violence, destruction et renaissance.<\/p>\n<\/div><div id=\"mpc_textblock-9069f0099411cbb\" class=\"mpc-textblock mpc-init \"><p>&#8220;So God created humans, then man created Zombies in his own image.&#8221;<br \/>\nGod\u00a0(speaking to man)<br \/>\nLook in a mirror and you will see who I am!<br \/>\nThe reflection in the mirror\u00a0(speaking to God)<br \/>\nAaaaarghhh!<br \/>\nGod<br \/>\nDamned!<br \/>\nMan\u00a0(speaking to God)<br \/>\nAaaaarghhh!<br \/>\nGod<br \/>\nAaaaarghhh!<\/p>\n<\/div>[\/vc_column_inner][vc_column_inner width=&#8221;1\/2&#8243;][\/vc_column_inner][\/vc_row_inner][vc_row_inner][vc_column_inner el_class=&#8221;row2&#8243; offset=&#8221;vc_hidden-xs&#8221;][vc_empty_space height=&#8221;5px&#8221;][vc_separator align=&#8221;align_left&#8221;][vc_empty_space height=&#8221;25px&#8221;][\/vc_column_inner][\/vc_row_inner][vc_row_inner][vc_column_inner el_class=&#8221;row2&#8243; width=&#8221;1\/3&#8243; offset=&#8221;vc_hidden-xs&#8221;]<style type=\"text\/css\"><\/style><a id=\"magnific-popup-vc-id-1961171506\" data-cw-mpvc-id=\"magnific_popup_vc_id_1961171506\" title=\"\" href=\"https:\/\/jeanfrancoislepage.com\/wp-content\/uploads\/2019_lepage_zombie_LXXI_renaissance_V_750_2.jpg\" class=\"cw-magnificpopup-wrapper cw-magnificpopup-image\"><img src=\"https:\/\/jeanfrancoislepage.com\/wp-content\/uploads\/2019_lepage_zombie_LXXI_renaissance_V_icon_2.jpg\" style=\"\" \/><\/a><div id=\"mpc_textblock-1769f009941222d\" class=\"mpc-textblock mpc-init txt\"><p>Renaissance (V), 2019<br \/>\ntechnique mixte sur c-print<br \/>\n280 x 350 mm<\/p>\n<\/div>[\/vc_column_inner][vc_column_inner width=&#8221;1\/3&#8243;]<style type=\"text\/css\"><\/style><a id=\"magnific-popup-vc-id-1221557011\" data-cw-mpvc-id=\"magnific_popup_vc_id_1221557011\" title=\"\" href=\"https:\/\/jeanfrancoislepage.com\/wp-content\/uploads\/2018_lepage_zombie_XXIV_carnage_I_950.jpg\" class=\"cw-magnificpopup-wrapper cw-magnificpopup-image\"><img src=\"https:\/\/jeanfrancoislepage.com\/wp-content\/uploads\/2018_lepage_zombie_XXIV_carnage_I_icon.jpg\" style=\"\" \/><\/a><div id=\"mpc_textblock-6769f0099412676\" class=\"mpc-textblock mpc-init txt\"><p>Carnage, 2018<br \/>\ntechnique mixte sur c-print<br \/>\n510 x 350 mm<\/p>\n<\/div>[\/vc_column_inner][vc_column_inner width=&#8221;1\/3&#8243;]<style type=\"text\/css\"><\/style><a id=\"magnific-popup-vc-id-84333724\" data-cw-mpvc-id=\"magnific_popup_vc_id_84333724\" title=\"\" href=\"https:\/\/jeanfrancoislepage.com\/wp-content\/uploads\/2019_lepage_zombie_LXII_renaissance_III_750.jpg\" class=\"cw-magnificpopup-wrapper cw-magnificpopup-image\"><img src=\"https:\/\/jeanfrancoislepage.com\/wp-content\/uploads\/2019_lepage_zombie_LXII_renaissance_III_icon.jpg\" style=\"\" \/><\/a><div id=\"mpc_textblock-2469f0099412a97\" class=\"mpc-textblock mpc-init txt\"><p>Renaissance (IV), 2019<br \/>\ntechnique mixte sur c-print<br \/>\n480 x 355 mm<\/p>\n<\/div>[\/vc_column_inner][\/vc_row_inner][vc_row_inner][vc_column_inner el_class=&#8221;row2&#8243; offset=&#8221;vc_hidden-xs&#8221;][vc_empty_space height=&#8221;5px&#8221;][vc_separator align=&#8221;align_left&#8221;][vc_empty_space height=&#8221;25px&#8221;][\/vc_column_inner][\/vc_row_inner][vc_row_inner][vc_column_inner el_class=&#8221;row2&#8243; width=&#8221;1\/3&#8243; offset=&#8221;vc_hidden-xs&#8221;]<style type=\"text\/css\"><\/style><a id=\"magnific-popup-vc-id-1093836105\" data-cw-mpvc-id=\"magnific_popup_vc_id_1093836105\" title=\"\" href=\"https:\/\/jeanfrancoislepage.com\/wp-content\/uploads\/2019_lepage_zombie_LXX_immortels_IV_I_850.jpg\" class=\"cw-magnificpopup-wrapper cw-magnificpopup-image\"><img src=\"https:\/\/jeanfrancoislepage.com\/wp-content\/uploads\/2019_lepage_zombie_LXX_immortels_IV_I_icon.jpg\" style=\"\" \/><\/a><div id=\"mpc_textblock-1369f0099412e86\" class=\"mpc-textblock mpc-init txt\"><p>Immortels (IV), 2019<br \/>\ntechnique mixte sur \u00e9preuve argentique<br \/>\n345 x 268 mm<\/p>\n<\/div>[\/vc_column_inner][vc_column_inner width=&#8221;1\/3&#8243;]<style type=\"text\/css\"><\/style><a id=\"magnific-popup-vc-id-204724332\" data-cw-mpvc-id=\"magnific_popup_vc_id_204724332\" title=\"\" href=\"https:\/\/jeanfrancoislepage.com\/wp-content\/uploads\/2019_lepage_zombie_LXI_renaissance_II_750.jpg\" class=\"cw-magnificpopup-wrapper cw-magnificpopup-image\"><img src=\"https:\/\/jeanfrancoislepage.com\/wp-content\/uploads\/2019_lepage_zombie_LXI_renaissance_II_icon.jpg\" style=\"\" \/><\/a><div id=\"mpc_textblock-2369f0099413261\" class=\"mpc-textblock mpc-init txt\"><p>Renaissance (II), 2019<br \/>\ntechnique mixte sur c-print<br \/>\n280 x 350 mm<\/p>\n<\/div>[\/vc_column_inner][vc_column_inner width=&#8221;1\/3&#8243;]<style type=\"text\/css\"><\/style><a id=\"magnific-popup-vc-id-1202074040\" data-cw-mpvc-id=\"magnific_popup_vc_id_1202074040\" title=\"\" href=\"https:\/\/jeanfrancoislepage.com\/wp-content\/uploads\/2018_lepage_zombie_XXIX_metamorphose_750.jpg\" class=\"cw-magnificpopup-wrapper cw-magnificpopup-image\"><img src=\"https:\/\/jeanfrancoislepage.com\/wp-content\/uploads\/2018_lepage_zombie_XXIX_metamorphose_icon.jpg\" style=\"\" \/><\/a><div id=\"mpc_textblock-9969f0099413686\" class=\"mpc-textblock mpc-init txt\"><p>M\u00e9tamorphose, 2018<br \/>\ntechnique mixte sur c-print<br \/>\n280 x 352 mm<\/p>\n<\/div>[\/vc_column_inner][\/vc_row_inner][vc_row_inner][vc_column_inner el_class=&#8221;row2&#8243; offset=&#8221;vc_hidden-xs&#8221;][vc_empty_space height=&#8221;5px&#8221;][vc_separator align=&#8221;align_left&#8221;][vc_empty_space height=&#8221;25px&#8221;][\/vc_column_inner][\/vc_row_inner][vc_row_inner][vc_column_inner el_class=&#8221;row2&#8243; width=&#8221;1\/3&#8243; offset=&#8221;vc_hidden-xs&#8221;]<style type=\"text\/css\"><\/style><a id=\"magnific-popup-vc-id-1501067696\" data-cw-mpvc-id=\"magnific_popup_vc_id_1501067696\" title=\"\" href=\"https:\/\/jeanfrancoislepage.com\/wp-content\/uploads\/2018_lepage_zombie_N_IV_750.jpg\" class=\"cw-magnificpopup-wrapper cw-magnificpopup-image\"><img src=\"https:\/\/jeanfrancoislepage.com\/wp-content\/uploads\/2018_lepage_zombie_N_IV_750_s.jpg\" style=\"\" \/><\/a><div id=\"mpc_textblock-5969f0099413a76\" class=\"mpc-textblock mpc-init txt\"><p>Gone with the wind (I), 2018<br \/>\ntechnique mixte sur \u00e9preuve argentique<br \/>\n360 x 278 mm<\/p>\n<\/div>[\/vc_column_inner][vc_column_inner width=&#8221;1\/3&#8243;]<style type=\"text\/css\"><\/style><a id=\"magnific-popup-vc-id-1720051051\" data-cw-mpvc-id=\"magnific_popup_vc_id_1720051051\" title=\"\" href=\"https:\/\/jeanfrancoislepage.com\/wp-content\/uploads\/2018_lepage_hecate_IX_750.jpg\" class=\"cw-magnificpopup-wrapper cw-magnificpopup-image\"><img src=\"https:\/\/jeanfrancoislepage.com\/wp-content\/uploads\/2018_lepage_hecate_IX_750_s.jpg\" style=\"\" \/><\/a><div id=\"mpc_textblock-5469f0099413e5b\" class=\"mpc-textblock mpc-init txt\"><p>\u00c0 Coeur Ouvert (II), 2018<br \/>\ntechnique mixte sur \u00e9preuve argentique<br \/>\n238 x 183 mm<\/p>\n<\/div>[\/vc_column_inner][vc_column_inner width=&#8221;1\/3&#8243;]<style type=\"text\/css\"><\/style><a id=\"magnific-popup-vc-id-905453169\" data-cw-mpvc-id=\"magnific_popup_vc_id_905453169\" title=\"\" href=\"https:\/\/jeanfrancoislepage.com\/wp-content\/uploads\/2018_lepage_zombie_N_II_750.jpg\" class=\"cw-magnificpopup-wrapper cw-magnificpopup-image\"><img src=\"https:\/\/jeanfrancoislepage.com\/wp-content\/uploads\/2018_lepage_zombie_N_II_750_s.jpg\" style=\"\" \/><\/a><div id=\"mpc_textblock-3169f0099414244\" class=\"mpc-textblock mpc-init txt\"><p>Gone with the wind (II), 2018<br \/>\ntechnique mixte sur \u00e9preuve argentique<br \/>\n311 x 255 mm<\/p>\n<\/div>[\/vc_column_inner][\/vc_row_inner][vc_row_inner][vc_column_inner el_class=&#8221;row2&#8243; offset=&#8221;vc_hidden-xs&#8221;][vc_empty_space height=&#8221;5px&#8221;][vc_separator align=&#8221;align_left&#8221;][vc_empty_space height=&#8221;25px&#8221;][\/vc_column_inner][\/vc_row_inner][vc_row_inner][vc_column_inner el_class=&#8221;row2&#8243; width=&#8221;1\/3&#8243; offset=&#8221;vc_hidden-xs&#8221;]<style type=\"text\/css\"><\/style><a id=\"magnific-popup-vc-id-2136656033\" data-cw-mpvc-id=\"magnific_popup_vc_id_2136656033\" title=\"\" href=\"https:\/\/jeanfrancoislepage.com\/wp-content\/uploads\/2018_lepage_zombie_C_IX.jpg\" class=\"cw-magnificpopup-wrapper cw-magnificpopup-image\"><img src=\"https:\/\/jeanfrancoislepage.com\/wp-content\/uploads\/2018_lepage_zombie_C_IX_s.jpg\" style=\"\" \/><\/a><div id=\"mpc_textblock-769f00994146b8\" class=\"mpc-textblock mpc-init txt\"><p>Salle d&#8217;attente (I), 2018<br \/>\ntechnique mixte sur c-print<br \/>\n452 x 316 mm<\/p>\n<\/div>[\/vc_column_inner][vc_column_inner width=&#8221;1\/3&#8243;]<style type=\"text\/css\"><\/style><a id=\"magnific-popup-vc-id-1513213134\" data-cw-mpvc-id=\"magnific_popup_vc_id_1513213134\" title=\"\" href=\"https:\/\/jeanfrancoislepage.com\/wp-content\/uploads\/2018_lepage_zombie_C_VI.jpg\" class=\"cw-magnificpopup-wrapper cw-magnificpopup-image\"><img src=\"https:\/\/jeanfrancoislepage.com\/wp-content\/uploads\/2018_lepage_zombie_C_VI_s.jpg\" style=\"\" \/><\/a><div id=\"mpc_textblock-8269f0099414aca\" class=\"mpc-textblock mpc-init txt\"><p>Salle d&#8217;attente (II), 2018<br \/>\ntechnique mixte sur c-print<br \/>\n452 x 320 mm<\/p>\n<\/div>[\/vc_column_inner][vc_column_inner width=&#8221;1\/3&#8243;]<style type=\"text\/css\"><\/style><a id=\"magnific-popup-vc-id-70685515\" data-cw-mpvc-id=\"magnific_popup_vc_id_70685515\" title=\"\" href=\"https:\/\/jeanfrancoislepage.com\/wp-content\/uploads\/2018_lepage_zombie_C_X.jpg\" class=\"cw-magnificpopup-wrapper cw-magnificpopup-image\"><img src=\"https:\/\/jeanfrancoislepage.com\/wp-content\/uploads\/2018_lepage_zombie_C_X_s.jpg\" style=\"\" \/><\/a><div id=\"mpc_textblock-4369f0099414eba\" class=\"mpc-textblock mpc-init txt\"><p>Salle d&#8217;attente (III), 2018<br \/>\ntechnique mixte sur c-print<br \/>\n450 x 297 mm<\/p>\n<\/div>[\/vc_column_inner][\/vc_row_inner][vc_row_inner][vc_column_inner el_class=&#8221;row2&#8243; offset=&#8221;vc_hidden-xs&#8221;][vc_empty_space height=&#8221;5px&#8221;][vc_separator align=&#8221;align_left&#8221;][vc_empty_space height=&#8221;15px&#8221;][\/vc_column_inner][\/vc_row_inner][vc_row_inner][vc_column_inner el_class=&#8221;row2&#8243;]<div id=\"mpc_textblock-9969f0099414f65\" class=\"mpc-textblock mpc-init txt\"><p>\u00c9v\u00e9nement :<\/p>\n<\/div><div id=\"mpc_textblock-8269f0099414feb\" class=\"mpc-textblock mpc-init txt\"><p><a href=\"\/\/amsterdam.unseenplatform.com\/event\" target=\"_blank\" rel=\"noopener no referrer noreferrer\">UNSEEN Photo Fair 2019<\/a><br \/>\nAmsterdam, Pays-Bas<br \/>\n20-22 SEP 2019<br \/>\n<a href=\"\/\/www.tobegallery.hu\/\" target=\"_blank\" rel=\"noopener noreferrer\">TOBE Gallery<\/a><\/p>\n<\/div>[\/vc_column_inner][\/vc_row_inner][vc_row_inner][vc_column_inner el_class=&#8221;row2&#8243;][vc_empty_space height=&#8221;15px&#8221;]<style type=\"text\/css\"><\/style><a id=\"magnific-popup-vc-id-1331124725\" data-cw-mpvc-id=\"magnific_popup_vc_id_1331124725\" title=\"\" href=\"https:\/\/jeanfrancoislepage.com\/wp-content\/uploads\/lepage_unseen_2019.jpg\" class=\"cw-magnificpopup-wrapper cw-magnificpopup-image\"><img src=\"https:\/\/jeanfrancoislepage.com\/wp-content\/uploads\/lepage_unseen_2019.jpg\" style=\"\" \/><\/a><div id=\"mpc_textblock-169f0099415263\" class=\"mpc-textblock mpc-init txt\"><p>Unseen Amsterdam 2019 &#8211; Westergas, Amsterdam &#8211; Pays-Bas<\/p>\n<\/div>[\/vc_column_inner][\/vc_row_inner][vc_row_inner][vc_column_inner el_class=&#8221;web_mobile&#8221; offset=&#8221;vc_hidden-xs&#8221;][vc_empty_space height=&#8221;50px&#8221;][\/vc_column_inner][\/vc_row_inner][\/vc_column][\/vc_row]<\/p>\n<\/div>","protected":false},"excerpt":{"rendered":"<p>[vc_row content_placement=&#8221;middle&#8221; second_background_color=&#8221;#000000&#8243;][vc_column offset=&#8221;vc_col-md-offset-0&#8243; css=&#8221;.vc_custom_1481915100349{padding-top: 0vw !important;padding-right: 3vw !important;padding-bottom: 1vw !important;padding-left: 3vw !important;background-color: #ffffff !important;}&#8221;][vc_row_inner][vc_column_inner el_class=&#8221;row2&#8243; offset=&#8221;vc_hidden-lg vc_hidden-md vc_hidden-sm&#8221;][vc_empty_space height=&#8221;5px&#8221;][\/vc_column_inner][\/vc_row_inner][vc_row_inner][vc_column_inner el_class=&#8221;row2&#8243;][vc_empty_space height=&#8221;50px&#8221;][\/vc_column_inner][\/vc_row_inner][vc_row_inner][vc_column_inner el_class=&#8221;row2&#8243;][\/vc_column_inner][\/vc_row_inner][vc_row_inner][vc_column_inner el_class=&#8221;row2&#8243; offset=&#8221;vc_hidden-xs&#8221;][vc_empty_space height=&#8221;5px&#8221;][vc_separator align=&#8221;align_left&#8221;][vc_empty_space height=&#8221;15px&#8221;][\/vc_column_inner][\/vc_row_inner][vc_row_inner][vc_column_inner el_class=&#8221;row2&#8243;][\/vc_column_inner][\/vc_row_inner][vc_row_inner][vc_column_inner el_class=&#8221;row2&#8243;][\/vc_column_inner][\/vc_row_inner][vc_row_inner][vc_column_inner el_class=&#8221;row2&#8243;][\/vc_column_inner][\/vc_row_inner][vc_row_inner disable_element=&#8221;yes&#8221;][vc_column_inner el_class=&#8221;row2&#8243; width=&#8221;1\/2&#8243;][\/vc_column_inner][vc_column_inner width=&#8221;1\/2&#8243;][\/vc_column_inner][\/vc_row_inner][vc_row_inner][vc_column_inner el_class=&#8221;row2&#8243; offset=&#8221;vc_hidden-xs&#8221;][vc_empty_space height=&#8221;5px&#8221;][vc_separator align=&#8221;align_left&#8221;][vc_empty_space height=&#8221;25px&#8221;][\/vc_column_inner][\/vc_row_inner][vc_row_inner][vc_column_inner el_class=&#8221;row2&#8243; width=&#8221;1\/3&#8243; offset=&#8221;vc_hidden-xs&#8221;][\/vc_column_inner][vc_column_inner width=&#8221;1\/3&#8243;][\/vc_column_inner][vc_column_inner width=&#8221;1\/3&#8243;][\/vc_column_inner][\/vc_row_inner][vc_row_inner][vc_column_inner el_class=&#8221;row2&#8243; offset=&#8221;vc_hidden-xs&#8221;][vc_empty_space height=&#8221;5px&#8221;][vc_separator align=&#8221;align_left&#8221;][vc_empty_space height=&#8221;25px&#8221;][\/vc_column_inner][\/vc_row_inner][vc_row_inner][vc_column_inner el_class=&#8221;row2&#8243; width=&#8221;1\/3&#8243; offset=&#8221;vc_hidden-xs&#8221;][\/vc_column_inner][vc_column_inner width=&#8221;1\/3&#8243;][\/vc_column_inner][vc_column_inner width=&#8221;1\/3&#8243;][\/vc_column_inner][\/vc_row_inner][vc_row_inner][vc_column_inner<\/p>\n","protected":false},"author":1,"featured_media":0,"parent":0,"menu_order":17,"comment_status":"closed","ping_status":"closed","template":"","meta":[],"_links":{"self":[{"href":"https:\/\/jeanfrancoislepage.com\/fr\/wp-json\/wp\/v2\/pages\/11641"}],"collection":[{"href":"https:\/\/jeanfrancoislepage.com\/fr\/wp-json\/wp\/v2\/pages"}],"about":[{"href":"https:\/\/jeanfrancoislepage.com\/fr\/wp-json\/wp\/v2\/types\/page"}],"author":[{"embeddable":true,"href":"https:\/\/jeanfrancoislepage.com\/fr\/wp-json\/wp\/v2\/users\/1"}],"replies":[{"embeddable":true,"href":"https:\/\/jeanfrancoislepage.com\/fr\/wp-json\/wp\/v2\/comments?post=11641"}],"version-history":[{"count":77,"href":"https:\/\/jeanfrancoislepage.com\/fr\/wp-json\/wp\/v2\/pages\/11641\/revisions"}],"predecessor-version":[{"id":13367,"href":"https:\/\/jeanfrancoislepage.com\/fr\/wp-json\/wp\/v2\/pages\/11641\/revisions\/13367"}],"wp:attachment":[{"href":"https:\/\/jeanfrancoislepage.com\/fr\/wp-json\/wp\/v2\/media?parent=11641"}],"curies":[{"name":"wp","href":"https:\/\/api.w.org\/{rel}","templated":true}]}}