{"id":12802,"date":"2021-03-01T15:48:44","date_gmt":"2021-03-01T15:48:44","guid":{"rendered":"https:\/\/jeanfrancoislepage.com\/?page_id=12802"},"modified":"2023-06-10T16:45:36","modified_gmt":"2023-06-10T16:45:36","slug":"cent-vingt-neuf-jours-sur-terre","status":"publish","type":"page","link":"https:\/\/jeanfrancoislepage.com\/fr\/cent-vingt-neuf-jours-sur-terre\/","title":{"rendered":"Cent vingt-neuf jours sur terre (2020-2021)"},"content":{"rendered":"<div class=\"wpb-content-wrapper\"><p>[vc_row content_placement=&#8221;middle&#8221; second_background_color=&#8221;#000000&#8243;][vc_column offset=&#8221;vc_col-md-offset-0&#8243; css=&#8221;.vc_custom_1481915100349{padding-top: 0vw !important;padding-right: 3vw !important;padding-bottom: 1vw !important;padding-left: 3vw !important;background-color: #ffffff !important;}&#8221;][vc_row_inner][vc_column_inner el_class=&#8221;row2&#8243; offset=&#8221;vc_hidden-lg vc_hidden-md vc_hidden-sm&#8221;][vc_empty_space height=&#8221;5px&#8221;][\/vc_column_inner][\/vc_row_inner][vc_row_inner][vc_column_inner el_class=&#8221;row2&#8243;][vc_empty_space height=&#8221;50px&#8221;]<style type=\"text\/css\"><\/style><a id=\"magnific-popup-vc-id-690032790\" data-cw-mpvc-id=\"magnific_popup_vc_id_690032790\" title=\"\" href=\"https:\/\/jeanfrancoislepage.com\/wp-content\/uploads\/2021_lepage_129j_day12_3.jpg\" class=\"cw-magnificpopup-wrapper cw-magnificpopup-image\"><img src=\"https:\/\/jeanfrancoislepage.com\/wp-content\/uploads\/2021_lepage_129j_day12_3.jpg\" style=\"\" \/><\/a><div id=\"mpc_textblock-9769f0094fd06b0\" class=\"mpc-textblock mpc-init txt\"><p>Jour 12, 2020 \u2013 gouache sur \u00e9preuve argentique, 400 x 300 mm<\/p>\n<\/div>[\/vc_column_inner][\/vc_row_inner][vc_row_inner][vc_column_inner el_class=&#8221;row2&#8243;]<div id=\"mpc_textblock-9069f0094fd075e\" class=\"mpc-textblock mpc-init txt\"><p>Cent vingt-neuf jours sur terre (2020-2021) : Installation de cent vingt-neuf \u00e9preuves argentiques.<br \/>\nIl est temps de partir. Et avec moi le souvenir de 129 jours pass\u00e9s sur terre, une \u00e9ternit\u00e9.<\/p>\n<\/div>[\/vc_column_inner][\/vc_row_inner][vc_row_inner][vc_column_inner el_class=&#8221;row2&#8243; offset=&#8221;vc_hidden-xs&#8221;][vc_empty_space height=&#8221;5px&#8221;][vc_separator align=&#8221;align_left&#8221;][vc_empty_space height=&#8221;25px&#8221;][\/vc_column_inner][\/vc_row_inner][vc_row_inner][vc_column_inner el_class=&#8221;row2&#8243; width=&#8221;1\/3&#8243; offset=&#8221;vc_hidden-xs&#8221;]<style type=\"text\/css\"><\/style><a id=\"magnific-popup-vc-id-1600898004\" data-cw-mpvc-id=\"magnific_popup_vc_id_1600898004\" title=\"\" href=\"https:\/\/jeanfrancoislepage.com\/wp-content\/uploads\/2021_lepage_129j_day1_3.jpg\" class=\"cw-magnificpopup-wrapper cw-magnificpopup-image\"><img src=\"https:\/\/jeanfrancoislepage.com\/wp-content\/uploads\/2021_lepage_129j_day1_3c.jpg\" style=\"\" \/><\/a><div id=\"mpc_textblock-6369f0094fd0f40\" class=\"mpc-textblock mpc-init txt\"><p>Jour 1, 2020<br \/>\ngouache sur \u00e9preuve argentique<br \/>\n400 x 300 mm<\/p>\n<\/div>[\/vc_column_inner][vc_column_inner width=&#8221;1\/3&#8243;]<style type=\"text\/css\"><\/style><a id=\"magnific-popup-vc-id-829655228\" data-cw-mpvc-id=\"magnific_popup_vc_id_829655228\" title=\"\" href=\"https:\/\/jeanfrancoislepage.com\/wp-content\/uploads\/2021_lepage_129j_day2_3.jpg\" class=\"cw-magnificpopup-wrapper cw-magnificpopup-image\"><img src=\"https:\/\/jeanfrancoislepage.com\/wp-content\/uploads\/2021_lepage_129j_day2_3c.jpg\" style=\"\" \/><\/a><div id=\"mpc_textblock-3269f0094fd14a7\" class=\"mpc-textblock mpc-init txt\"><p>Jour 2, 2020<br \/>\ngouache sur \u00e9preuve argentique<br \/>\n400 x 300 mm<\/p>\n<\/div>[\/vc_column_inner][vc_column_inner width=&#8221;1\/3&#8243;]<style type=\"text\/css\"><\/style><a id=\"magnific-popup-vc-id-446853792\" data-cw-mpvc-id=\"magnific_popup_vc_id_446853792\" title=\"\" href=\"https:\/\/jeanfrancoislepage.com\/wp-content\/uploads\/2021_lepage_129j_day3_3.jpg\" class=\"cw-magnificpopup-wrapper cw-magnificpopup-image\"><img src=\"https:\/\/jeanfrancoislepage.com\/wp-content\/uploads\/2021_lepage_129j_day3_3c.jpg\" style=\"\" \/><\/a><div id=\"mpc_textblock-10069f0094fd196a\" class=\"mpc-textblock mpc-init txt\"><p>Jour 3, 2020<br \/>\ngouache sur \u00e9preuve argentique<br \/>\n400 x 300 mm<\/p>\n<\/div>[\/vc_column_inner][\/vc_row_inner][vc_row_inner][vc_column_inner el_class=&#8221;row2&#8243; offset=&#8221;vc_hidden-xs&#8221;][vc_empty_space height=&#8221;5px&#8221;][vc_separator align=&#8221;align_left&#8221;][vc_empty_space height=&#8221;25px&#8221;][\/vc_column_inner][\/vc_row_inner][vc_row_inner][vc_column_inner el_class=&#8221;row2&#8243; width=&#8221;1\/3&#8243; offset=&#8221;vc_hidden-xs&#8221;]<style type=\"text\/css\"><\/style><a id=\"magnific-popup-vc-id-1825038246\" data-cw-mpvc-id=\"magnific_popup_vc_id_1825038246\" title=\"\" href=\"https:\/\/jeanfrancoislepage.com\/wp-content\/uploads\/2021_lepage_129j_day4_3.jpg\" class=\"cw-magnificpopup-wrapper cw-magnificpopup-image\"><img src=\"https:\/\/jeanfrancoislepage.com\/wp-content\/uploads\/2021_lepage_129j_day4_3c.jpg\" style=\"\" \/><\/a><div id=\"mpc_textblock-4869f0094fd1db5\" class=\"mpc-textblock mpc-init txt\"><p>Jour 4, 2020<br \/>\ngouache sur \u00e9preuve argentique<br \/>\n400 x 300 mm<\/p>\n<\/div>[\/vc_column_inner][vc_column_inner width=&#8221;1\/3&#8243;]<style type=\"text\/css\"><\/style><a id=\"magnific-popup-vc-id-974055541\" data-cw-mpvc-id=\"magnific_popup_vc_id_974055541\" title=\"\" href=\"https:\/\/jeanfrancoislepage.com\/wp-content\/uploads\/2021_lepage_129j_day5_3.jpg\" class=\"cw-magnificpopup-wrapper cw-magnificpopup-image\"><img src=\"https:\/\/jeanfrancoislepage.com\/wp-content\/uploads\/2021_lepage_129j_day5_3c.jpg\" style=\"\" \/><\/a><div id=\"mpc_textblock-4869f0094fd2450\" class=\"mpc-textblock mpc-init txt\"><p>Jour 5, 2020<br \/>\ngouache sur \u00e9preuve argentique<br \/>\n400 x 300 mm<\/p>\n<\/div>[\/vc_column_inner][vc_column_inner width=&#8221;1\/3&#8243;]<style type=\"text\/css\"><\/style><a id=\"magnific-popup-vc-id-665801959\" data-cw-mpvc-id=\"magnific_popup_vc_id_665801959\" title=\"\" href=\"https:\/\/jeanfrancoislepage.com\/wp-content\/uploads\/2021_lepage_129j_day6_3.jpg\" class=\"cw-magnificpopup-wrapper cw-magnificpopup-image\"><img src=\"https:\/\/jeanfrancoislepage.com\/wp-content\/uploads\/2021_lepage_129j_day6_3c.jpg\" style=\"\" \/><\/a><div id=\"mpc_textblock-8369f0094fd2855\" class=\"mpc-textblock mpc-init txt\"><p>Jour 6, 2020<br \/>\ngouache sur \u00e9preuve argentique<br \/>\n400 x 300 mm<\/p>\n<\/div>[\/vc_column_inner][\/vc_row_inner][vc_row_inner][vc_column_inner el_class=&#8221;row2&#8243; offset=&#8221;vc_hidden-xs&#8221;][vc_empty_space height=&#8221;5px&#8221;][vc_separator align=&#8221;align_left&#8221;][vc_empty_space height=&#8221;25px&#8221;][\/vc_column_inner][\/vc_row_inner][vc_row_inner][vc_column_inner el_class=&#8221;row2&#8243; width=&#8221;1\/3&#8243; offset=&#8221;vc_hidden-xs&#8221;]<style type=\"text\/css\"><\/style><a id=\"magnific-popup-vc-id-838837706\" data-cw-mpvc-id=\"magnific_popup_vc_id_838837706\" title=\"\" href=\"https:\/\/jeanfrancoislepage.com\/wp-content\/uploads\/2021_lepage_129j_day7_3.jpg\" class=\"cw-magnificpopup-wrapper cw-magnificpopup-image\"><img src=\"https:\/\/jeanfrancoislepage.com\/wp-content\/uploads\/2021_lepage_129j_day7_3c.jpg\" style=\"\" \/><\/a><div id=\"mpc_textblock-2469f0094fd2c49\" class=\"mpc-textblock mpc-init txt\"><p>Jour 7, 2020<br \/>\ngouache sur \u00e9preuve argentique<br \/>\n400 x 300 mm<\/p>\n<\/div>[\/vc_column_inner][vc_column_inner width=&#8221;1\/3&#8243;]<style type=\"text\/css\"><\/style><a id=\"magnific-popup-vc-id-2058023487\" data-cw-mpvc-id=\"magnific_popup_vc_id_2058023487\" title=\"\" href=\"https:\/\/jeanfrancoislepage.com\/wp-content\/uploads\/2021_lepage_129j_day8_3.jpg\" class=\"cw-magnificpopup-wrapper cw-magnificpopup-image\"><img src=\"https:\/\/jeanfrancoislepage.com\/wp-content\/uploads\/2021_lepage_129j_day8_3c.jpg\" style=\"\" \/><\/a><div id=\"mpc_textblock-9969f0094fd302a\" class=\"mpc-textblock mpc-init txt\"><p>Jour 8, 2020<br \/>\ngouache sur \u00e9preuve argentique<br \/>\n400 x 300 mm<\/p>\n<\/div>[\/vc_column_inner][vc_column_inner width=&#8221;1\/3&#8243;]<style type=\"text\/css\"><\/style><a id=\"magnific-popup-vc-id-141779691\" data-cw-mpvc-id=\"magnific_popup_vc_id_141779691\" title=\"\" href=\"https:\/\/jeanfrancoislepage.com\/wp-content\/uploads\/2021_lepage_129j_day9_3.jpg\" class=\"cw-magnificpopup-wrapper cw-magnificpopup-image\"><img src=\"https:\/\/jeanfrancoislepage.com\/wp-content\/uploads\/2021_lepage_129j_day9_3c.jpg\" style=\"\" \/><\/a><div id=\"mpc_textblock-1369f0094fd3440\" class=\"mpc-textblock mpc-init txt\"><p>Jour 9, 2020<br \/>\ngouache sur \u00e9preuve argentique<br \/>\n400 x 300 mm<\/p>\n<\/div>[\/vc_column_inner][\/vc_row_inner][vc_row_inner][vc_column_inner el_class=&#8221;row2&#8243; offset=&#8221;vc_hidden-xs&#8221;][vc_empty_space height=&#8221;5px&#8221;][vc_separator align=&#8221;align_left&#8221;][vc_empty_space height=&#8221;25px&#8221;][\/vc_column_inner][\/vc_row_inner][vc_row_inner][vc_column_inner el_class=&#8221;row2&#8243; width=&#8221;1\/3&#8243; offset=&#8221;vc_hidden-xs&#8221;]<style type=\"text\/css\"><\/style><a id=\"magnific-popup-vc-id-2049598664\" data-cw-mpvc-id=\"magnific_popup_vc_id_2049598664\" title=\"\" href=\"https:\/\/jeanfrancoislepage.com\/wp-content\/uploads\/2021_lepage_129j_day10_3.jpg\" class=\"cw-magnificpopup-wrapper cw-magnificpopup-image\"><img src=\"https:\/\/jeanfrancoislepage.com\/wp-content\/uploads\/2021_lepage_129j_day10_3c.jpg\" style=\"\" \/><\/a><div id=\"mpc_textblock-569f0094fd3834\" class=\"mpc-textblock mpc-init txt\"><p>Jour 10, 2020<br \/>\ngouache sur \u00e9preuve argentique<br \/>\n400 x 300 mm<\/p>\n<\/div>[\/vc_column_inner][vc_column_inner width=&#8221;1\/3&#8243;]<style type=\"text\/css\"><\/style><a id=\"magnific-popup-vc-id-1461186976\" data-cw-mpvc-id=\"magnific_popup_vc_id_1461186976\" title=\"\" href=\"https:\/\/jeanfrancoislepage.com\/wp-content\/uploads\/2021_lepage_129j_day11_3.jpg\" class=\"cw-magnificpopup-wrapper cw-magnificpopup-image\"><img src=\"https:\/\/jeanfrancoislepage.com\/wp-content\/uploads\/2021_lepage_129j_day11_3c.jpg\" style=\"\" \/><\/a><div id=\"mpc_textblock-5069f0094fd3c39\" class=\"mpc-textblock mpc-init txt\"><p>Jour 11, 2020<br \/>\ngouache sur \u00e9preuve argentique<br \/>\n400 x 300 mm<\/p>\n<\/div>[\/vc_column_inner][vc_column_inner width=&#8221;1\/3&#8243;]<style type=\"text\/css\"><\/style><a id=\"magnific-popup-vc-id-455960127\" data-cw-mpvc-id=\"magnific_popup_vc_id_455960127\" title=\"\" href=\"https:\/\/jeanfrancoislepage.com\/wp-content\/uploads\/2021_lepage_129j_day12_3.jpg\" class=\"cw-magnificpopup-wrapper cw-magnificpopup-image\"><img src=\"https:\/\/jeanfrancoislepage.com\/wp-content\/uploads\/2021_lepage_129j_day12_3c.jpg\" style=\"\" \/><\/a><div id=\"mpc_textblock-269f0094fd3f7f\" class=\"mpc-textblock mpc-init txt\"><p>Jour 12, 2020<br \/>\ngouache sur \u00e9preuve argentique<br \/>\n400 x 300 mm<\/p>\n<\/div>[\/vc_column_inner][\/vc_row_inner][vc_row_inner][vc_column_inner el_class=&#8221;row2&#8243; offset=&#8221;vc_hidden-xs&#8221;][vc_empty_space height=&#8221;10px&#8221;][\/vc_column_inner][\/vc_row_inner][vc_row_inner disable_element=&#8221;yes&#8221;][vc_column_inner el_class=&#8221;row2&#8243; offset=&#8221;vc_hidden-xs&#8221;][vc_empty_space height=&#8221;5px&#8221;][vc_separator align=&#8221;align_left&#8221;][vc_empty_space height=&#8221;15px&#8221;][\/vc_column_inner][\/vc_row_inner][vc_row_inner disable_element=&#8221;yes&#8221;][vc_column_inner el_class=&#8221;row2&#8243; offset=&#8221;vc_hidden-xs&#8221;]<div id=\"mpc_textblock-6469f0094fd401d\" class=\"mpc-textblock mpc-init txt\"><p>XXXIX &#8211; Spleen et id\u00e9al &#8211; Les Fleurs du mal (1857)<br \/>\nPoem by Charles Baudelaire<\/p>\n<\/div><div id=\"mpc_textblock-8969f0094fd40b2\" class=\"mpc-textblock mpc-init txt\"><p>For you this poem: if my name should reach<br \/>\nFavoured by mighty gales, to far-off times,<br \/>\nLike a proud vessel sailing to the beach,<br \/>\nTo stir the brains of humans with my rhymes \u2014<\/p>\n<\/div><div id=\"mpc_textblock-3769f0094fd413e\" class=\"mpc-textblock mpc-init txt\"><p>Your memory, uncertain as a myth,<br \/>\nWill tire the reader like an endless gong,<br \/>\nAnd be a mystic, kindred chain wherewith<br \/>\nHe&#8217;ll hang suspended to my towering song:<\/p>\n<\/div><div id=\"mpc_textblock-8969f0094fd41de\" class=\"mpc-textblock mpc-init txt\"><p>Curs&#8217;d soul to whom (from the supernal sky<br \/>\nTo hell&#8217;s abysm) none responds but I!<br \/>\nO you, who like a fleeting shadow pass,<\/p>\n<\/div><div id=\"mpc_textblock-4869f0094fd4277\" class=\"mpc-textblock mpc-init txt\"><p>Spurn with light foot and with serenest gaze<br \/>\nThe stupid mortals who have grudged you praise,<br \/>\nO jade-eyed statue, angel browed with brass!<\/p>\n<\/div><div id=\"mpc_textblock-7769f0094fd4300\" class=\"mpc-textblock mpc-init txt\"><p>Translation \u2014\u00a0Roy Campbell (Pantheon Books, 1952)<\/p>\n<\/div>[\/vc_column_inner][\/vc_row_inner][vc_row_inner disable_element=&#8221;yes&#8221;][vc_column_inner el_class=&#8221;row2&#8243; offset=&#8221;vc_hidden-xs&#8221;][vc_empty_space height=&#8221;25px&#8221;][\/vc_column_inner][\/vc_row_inner][vc_row_inner disable_element=&#8221;yes&#8221;][vc_column_inner el_class=&#8221;row2&#8243; offset=&#8221;vc_hidden-xs&#8221;][vc_empty_space height=&#8221;5px&#8221;][vc_separator align=&#8221;align_left&#8221;][vc_empty_space height=&#8221;25px&#8221;][\/vc_column_inner][\/vc_row_inner][vc_row_inner disable_element=&#8221;yes&#8221;][vc_column_inner el_class=&#8221;row2&#8243; width=&#8221;1\/3&#8243; offset=&#8221;vc_hidden-xs&#8221;]<style type=\"text\/css\"><\/style><a id=\"magnific-popup-vc-id-1035690593\" data-cw-mpvc-id=\"magnific_popup_vc_id_1035690593\" title=\"\" href=\"https:\/\/jeanfrancoislepage.com\/wp-content\/uploads\/2018_lepage_zombie_N_IV_750.jpg\" class=\"cw-magnificpopup-wrapper cw-magnificpopup-image\"><img src=\"https:\/\/jeanfrancoislepage.com\/wp-content\/uploads\/2018_lepage_zombie_N_IV_750_s.jpg\" style=\"\" \/><\/a><div id=\"mpc_textblock-6869f0094fd47d5\" class=\"mpc-textblock mpc-init legend2\"><p>\nGone with the wind (I), 2018<br \/>\nmixed media on silver gelatin print<br \/>\n360 x 278 mm<\/p>\n<\/div>[\/vc_column_inner][vc_column_inner width=&#8221;1\/3&#8243;]<style type=\"text\/css\"><\/style><a id=\"magnific-popup-vc-id-797003250\" data-cw-mpvc-id=\"magnific_popup_vc_id_797003250\" title=\"\" href=\"https:\/\/jeanfrancoislepage.com\/wp-content\/uploads\/2018_lepage_hecate_IX_750.jpg\" class=\"cw-magnificpopup-wrapper cw-magnificpopup-image\"><img src=\"https:\/\/jeanfrancoislepage.com\/wp-content\/uploads\/2018_lepage_hecate_IX_750_s.jpg\" style=\"\" \/><\/a><div id=\"mpc_textblock-469f0094fd4bdc\" class=\"mpc-textblock mpc-init legend2\"><p>\n\u00c3\u20ac Coeur Ouvert (II), 2018<br \/>\nmixed media on silver gelatin print<br \/>\n238 x 183 mm<\/p>\n<\/div>[\/vc_column_inner][vc_column_inner width=&#8221;1\/3&#8243;]<style type=\"text\/css\"><\/style><a id=\"magnific-popup-vc-id-157214942\" data-cw-mpvc-id=\"magnific_popup_vc_id_157214942\" title=\"\" href=\"https:\/\/jeanfrancoislepage.com\/wp-content\/uploads\/2018_lepage_zombie_N_II_750.jpg\" class=\"cw-magnificpopup-wrapper cw-magnificpopup-image\"><img src=\"https:\/\/jeanfrancoislepage.com\/wp-content\/uploads\/2018_lepage_zombie_N_II_750_s.jpg\" style=\"\" \/><\/a><div id=\"mpc_textblock-769f0094fd4fc7\" class=\"mpc-textblock mpc-init legend2\"><p>Gone with the wind (II), 2018<br \/>\nmixed media on silver gelatin print<br \/>\n311 x 255 mm<\/p>\n<\/div>[\/vc_column_inner][\/vc_row_inner][vc_row_inner disable_element=&#8221;yes&#8221;][vc_column_inner el_class=&#8221;row2&#8243; offset=&#8221;vc_hidden-xs&#8221;][vc_empty_space height=&#8221;5px&#8221;][vc_separator align=&#8221;align_left&#8221;][vc_empty_space height=&#8221;25px&#8221;][\/vc_column_inner][\/vc_row_inner][vc_row_inner disable_element=&#8221;yes&#8221;][vc_column_inner el_class=&#8221;row2&#8243; width=&#8221;1\/3&#8243; offset=&#8221;vc_hidden-xs&#8221;]<style type=\"text\/css\"><\/style><a id=\"magnific-popup-vc-id-684403102\" data-cw-mpvc-id=\"magnific_popup_vc_id_684403102\" title=\"\" href=\"https:\/\/jeanfrancoislepage.com\/wp-content\/uploads\/2018_lepage_zombie_C_IX.jpg\" class=\"cw-magnificpopup-wrapper cw-magnificpopup-image\"><img src=\"https:\/\/jeanfrancoislepage.com\/wp-content\/uploads\/2018_lepage_zombie_C_IX_s.jpg\" style=\"\" \/><\/a><div id=\"mpc_textblock-9369f0094fd5466\" class=\"mpc-textblock mpc-init legend2\"><p>\nSalle d&#8217;attente (I), 2018<br \/>\nmixed media on c-print<br \/>\n452 x 316 mm<\/p>\n<\/div>[\/vc_column_inner][vc_column_inner width=&#8221;1\/3&#8243;]<style type=\"text\/css\"><\/style><a id=\"magnific-popup-vc-id-747355332\" data-cw-mpvc-id=\"magnific_popup_vc_id_747355332\" title=\"\" href=\"https:\/\/jeanfrancoislepage.com\/wp-content\/uploads\/2018_lepage_zombie_C_VI.jpg\" class=\"cw-magnificpopup-wrapper cw-magnificpopup-image\"><img src=\"https:\/\/jeanfrancoislepage.com\/wp-content\/uploads\/2018_lepage_zombie_C_VI_s.jpg\" style=\"\" \/><\/a><div id=\"mpc_textblock-7369f0094fd5879\" class=\"mpc-textblock mpc-init legend2\"><p>\nSalle d&#8217;attente (II), 2018<br \/>\nmixed media on c-print<br \/>\n452 x 320 mm<\/p>\n<\/div>[\/vc_column_inner][vc_column_inner width=&#8221;1\/3&#8243;]<style type=\"text\/css\"><\/style><a id=\"magnific-popup-vc-id-1064020197\" data-cw-mpvc-id=\"magnific_popup_vc_id_1064020197\" title=\"\" href=\"https:\/\/jeanfrancoislepage.com\/wp-content\/uploads\/2018_lepage_zombie_C_X.jpg\" class=\"cw-magnificpopup-wrapper cw-magnificpopup-image\"><img src=\"https:\/\/jeanfrancoislepage.com\/wp-content\/uploads\/2018_lepage_zombie_C_X_s.jpg\" style=\"\" \/><\/a><div id=\"mpc_textblock-9569f0094fd5c70\" class=\"mpc-textblock mpc-init legend2\"><p>\nSalle d&#8217;attente (III), 2018<br \/>\nmixed media on c-print<br \/>\n450 x 297 mm<\/p>\n<\/div>[\/vc_column_inner][\/vc_row_inner][vc_row_inner disable_element=&#8221;yes&#8221;][vc_column_inner el_class=&#8221;row2&#8243; offset=&#8221;vc_hidden-xs&#8221;][vc_empty_space height=&#8221;5px&#8221;][vc_separator align=&#8221;align_left&#8221;][vc_empty_space height=&#8221;15px&#8221;][\/vc_column_inner][\/vc_row_inner][vc_row_inner disable_element=&#8221;yes&#8221;][vc_column_inner el_class=&#8221;row2&#8243; offset=&#8221;vc_hidden-xs&#8221;]<div id=\"mpc_textblock-4269f0094fd5d15\" class=\"mpc-textblock mpc-init legend\"><p>Event:<\/p>\n<\/div><div id=\"mpc_textblock-369f0094fd5da9\" class=\"mpc-textblock mpc-init legend\"><p>UNSEEN Photo Fair 2019<br \/>\nAmsterdam, Pays-Bas<br \/>\n20-22 SEP 2019<br \/>\nTOBE Gallery<\/p>\n<\/div>[\/vc_column_inner][\/vc_row_inner][vc_row_inner disable_element=&#8221;yes&#8221;][vc_column_inner el_class=&#8221;row2&#8243; offset=&#8221;vc_hidden-xs&#8221;][vc_empty_space height=&#8221;15px&#8221;]<style type=\"text\/css\"><\/style><a id=\"magnific-popup-vc-id-1778612489\" data-cw-mpvc-id=\"magnific_popup_vc_id_1778612489\" title=\"\" href=\"https:\/\/jeanfrancoislepage.com\/wp-content\/uploads\/lepage_unseen_2019.jpg\" class=\"cw-magnificpopup-wrapper cw-magnificpopup-image\"><img src=\"https:\/\/jeanfrancoislepage.com\/wp-content\/uploads\/lepage_unseen_2019.jpg\" style=\"\" \/><\/a><div id=\"mpc_textblock-1369f0094fd6157\" class=\"mpc-textblock mpc-init legend\"><p>Unseen Amsterdam 2019 &#8211; Westergas, Amsterdam &#8211; The Netherlands<\/p>\n<\/div>[\/vc_column_inner][\/vc_row_inner][vc_row_inner][vc_column_inner el_class=&#8221;web_mobile&#8221; offset=&#8221;vc_hidden-xs&#8221;][vc_empty_space height=&#8221;50px&#8221;][\/vc_column_inner][\/vc_row_inner][\/vc_column][\/vc_row]<\/p>\n<\/div>","protected":false},"excerpt":{"rendered":"<p>[vc_row content_placement=&#8221;middle&#8221; second_background_color=&#8221;#000000&#8243;][vc_column offset=&#8221;vc_col-md-offset-0&#8243; css=&#8221;.vc_custom_1481915100349{padding-top: 0vw !important;padding-right: 3vw !important;padding-bottom: 1vw !important;padding-left: 3vw !important;background-color: #ffffff !important;}&#8221;][vc_row_inner][vc_column_inner el_class=&#8221;row2&#8243; offset=&#8221;vc_hidden-lg vc_hidden-md vc_hidden-sm&#8221;][vc_empty_space height=&#8221;5px&#8221;][\/vc_column_inner][\/vc_row_inner][vc_row_inner][vc_column_inner el_class=&#8221;row2&#8243;][vc_empty_space height=&#8221;50px&#8221;][\/vc_column_inner][\/vc_row_inner][vc_row_inner][vc_column_inner el_class=&#8221;row2&#8243;][\/vc_column_inner][\/vc_row_inner][vc_row_inner][vc_column_inner el_class=&#8221;row2&#8243; offset=&#8221;vc_hidden-xs&#8221;][vc_empty_space height=&#8221;5px&#8221;][vc_separator align=&#8221;align_left&#8221;][vc_empty_space height=&#8221;25px&#8221;][\/vc_column_inner][\/vc_row_inner][vc_row_inner][vc_column_inner el_class=&#8221;row2&#8243; width=&#8221;1\/3&#8243; offset=&#8221;vc_hidden-xs&#8221;][\/vc_column_inner][vc_column_inner width=&#8221;1\/3&#8243;][\/vc_column_inner][vc_column_inner width=&#8221;1\/3&#8243;][\/vc_column_inner][\/vc_row_inner][vc_row_inner][vc_column_inner el_class=&#8221;row2&#8243; offset=&#8221;vc_hidden-xs&#8221;][vc_empty_space height=&#8221;5px&#8221;][vc_separator align=&#8221;align_left&#8221;][vc_empty_space height=&#8221;25px&#8221;][\/vc_column_inner][\/vc_row_inner][vc_row_inner][vc_column_inner el_class=&#8221;row2&#8243; width=&#8221;1\/3&#8243; offset=&#8221;vc_hidden-xs&#8221;][\/vc_column_inner][vc_column_inner width=&#8221;1\/3&#8243;][\/vc_column_inner][vc_column_inner width=&#8221;1\/3&#8243;][\/vc_column_inner][\/vc_row_inner][vc_row_inner][vc_column_inner el_class=&#8221;row2&#8243; offset=&#8221;vc_hidden-xs&#8221;][vc_empty_space height=&#8221;5px&#8221;][vc_separator align=&#8221;align_left&#8221;][vc_empty_space height=&#8221;25px&#8221;][\/vc_column_inner][\/vc_row_inner][vc_row_inner][vc_column_inner el_class=&#8221;row2&#8243; width=&#8221;1\/3&#8243; offset=&#8221;vc_hidden-xs&#8221;][\/vc_column_inner][vc_column_inner width=&#8221;1\/3&#8243;][\/vc_column_inner][vc_column_inner width=&#8221;1\/3&#8243;][\/vc_column_inner][\/vc_row_inner][vc_row_inner][vc_column_inner el_class=&#8221;row2&#8243; offset=&#8221;vc_hidden-xs&#8221;][vc_empty_space<\/p>\n","protected":false},"author":1,"featured_media":0,"parent":0,"menu_order":17,"comment_status":"closed","ping_status":"closed","template":"","meta":[],"_links":{"self":[{"href":"https:\/\/jeanfrancoislepage.com\/fr\/wp-json\/wp\/v2\/pages\/12802"}],"collection":[{"href":"https:\/\/jeanfrancoislepage.com\/fr\/wp-json\/wp\/v2\/pages"}],"about":[{"href":"https:\/\/jeanfrancoislepage.com\/fr\/wp-json\/wp\/v2\/types\/page"}],"author":[{"embeddable":true,"href":"https:\/\/jeanfrancoislepage.com\/fr\/wp-json\/wp\/v2\/users\/1"}],"replies":[{"embeddable":true,"href":"https:\/\/jeanfrancoislepage.com\/fr\/wp-json\/wp\/v2\/comments?post=12802"}],"version-history":[{"count":60,"href":"https:\/\/jeanfrancoislepage.com\/fr\/wp-json\/wp\/v2\/pages\/12802\/revisions"}],"predecessor-version":[{"id":12850,"href":"https:\/\/jeanfrancoislepage.com\/fr\/wp-json\/wp\/v2\/pages\/12802\/revisions\/12850"}],"wp:attachment":[{"href":"https:\/\/jeanfrancoislepage.com\/fr\/wp-json\/wp\/v2\/media?parent=12802"}],"curies":[{"name":"wp","href":"https:\/\/api.w.org\/{rel}","templated":true}]}}